{"id":58353,"date":"2014-08-15T14:32:22","date_gmt":"2014-08-15T14:32:22","guid":{"rendered":"https:\/\/dronurademhan.com\/?page_id=58353"},"modified":"2025-09-28T22:09:59","modified_gmt":"2025-09-28T22:09:59","slug":"videolar","status":"publish","type":"page","link":"https:\/\/dronurademhan.com\/tr\/videolar\/","title":{"rendered":"Videolar"},"content":{"rendered":"<div class=\"wpb-content-wrapper\"><p>[vc_row type=&#8221;vc_default&#8221; margin_top=&#8221;-5&#8243; margin_bottom=&#8221;40&#8243; css=&#8221;.vc_custom_1482499360433{margin-bottom: 30px !important;}&#8221;][vc_column][vc_column_text css=&#8221;.vc_custom_1757929798010{padding-bottom: 30px !important;}&#8221;]<\/p>\n<h1>Dr. Onur Ademhan, G\u00fcl\u00fc\u015f Tasar\u0131m\u0131 ve Di\u015f Hekimli\u011finde M\u00fckemmellik<\/h1>\n<p style=\"text-align: justify;\"><a href=\"https:\/\/dronurademhan.com\/tr\"><strong data-start=\"167\" data-end=\"187\">Dr. Onur Ademhan<\/strong><\/a>\u2019\u0131n uzmanl\u0131\u011f\u0131n\u0131, \u00f6zenle haz\u0131rlanan <strong data-start=\"222\" data-end=\"241\">video galerimiz<\/strong> arac\u0131l\u0131\u011f\u0131yla ke\u015ffedin. <strong data-start=\"265\" data-end=\"290\">Geli\u015fmi\u015f tekniklerini<\/strong>, <strong data-start=\"292\" data-end=\"322\">ger\u00e7ek hasta d\u00f6n\u00fc\u015f\u00fcmlerini<\/strong> ve onu <strong data-start=\"330\" data-end=\"370\">g\u00fcl\u00fc\u015f esteti\u011finde g\u00fcvenilir bir isim<\/strong> yapan <strong data-start=\"377\" data-end=\"401\">modern di\u015f hekimli\u011fi<\/strong> uygulamalar\u0131n\u0131 inceleyin.<\/p>\n<p>[\/vc_column_text][\/vc_column][\/vc_row][vc_row][vc_column width=&#8221;1\/2&#8243;]<div id=\"ultimate-heading-87269da6324f0c2e\" class=\"uvc-heading ult-adjust-bottom-margin ultimate-heading-87269da6324f0c2e uvc-1645  uvc-heading-default-font-sizes\" data-hspacer=\"no_spacer\"  data-halign=\"left\" style=\"text-align:left\"><div class=\"uvc-heading-spacer no_spacer\" style=\"top\"><\/div><div class=\"uvc-main-heading ult-responsive\"  data-ultimate-target='.uvc-heading.ultimate-heading-87269da6324f0c2e h2'  data-responsive-json-new='{\"font-size\":\"\",\"line-height\":\"\"}' ><h2 style=\"--font-weight:theme;\">Zygoma \u0130mplantlar\u0131: \u00c7ene Eksikli\u011finde \u00c7\u00f6z\u00fcm<\/h2><\/div><\/div>[vc_empty_space height=&#8221;40px&#8221;][vc_video link=&#8221;https:\/\/youtu.be\/G783nLKOEgk?si=63113aF_A30Ci_VU&#8221; css=&#8221;&#8221;][\/vc_column][vc_column width=&#8221;1\/2&#8243;]<div id=\"ultimate-heading-676269da6324f0ca1\" class=\"uvc-heading ult-adjust-bottom-margin ultimate-heading-676269da6324f0ca1 uvc-2721  uvc-heading-default-font-sizes\" data-hspacer=\"no_spacer\"  data-halign=\"left\" style=\"text-align:left\"><div class=\"uvc-heading-spacer no_spacer\" style=\"top\"><\/div><div class=\"uvc-main-heading ult-responsive\"  data-ultimate-target='.uvc-heading.ultimate-heading-676269da6324f0ca1 h2'  data-responsive-json-new='{\"font-size\":\"\",\"line-height\":\"\"}' ><h2 style=\"--font-weight:theme;\">\u0130mplant Nas\u0131l Yap\u0131l\u0131r?<\/h2><\/div><\/div>[vc_empty_space height=&#8221;40px&#8221;][vc_video link=&#8221;https:\/\/youtu.be\/hy2DWg-dnlU?si=OziG3CGj9ehLrHun&#8221; css=&#8221;&#8221;][\/vc_column][\/vc_row][vc_row][vc_column width=&#8221;1\/2&#8243;]<div id=\"ultimate-heading-317369da6324f0ce8\" class=\"uvc-heading ult-adjust-bottom-margin ultimate-heading-317369da6324f0ce8 uvc-2889  uvc-heading-default-font-sizes\" data-hspacer=\"no_spacer\"  data-halign=\"left\" style=\"text-align:left\"><div class=\"uvc-heading-spacer no_spacer\" style=\"top\"><\/div><div class=\"uvc-main-heading ult-responsive\"  data-ultimate-target='.uvc-heading.ultimate-heading-317369da6324f0ce8 h2'  data-responsive-json-new='{\"font-size\":\"\",\"line-height\":\"\"}' ><h2 style=\"--font-weight:theme;\">\u0130mplant A\u011fr\u0131l\u0131 m\u0131?<\/h2><\/div><\/div>[vc_empty_space height=&#8221;40px&#8221;][vc_video link=&#8221;https:\/\/youtu.be\/d5lhY7YP_ng?si=qiqdKrDDSWC3-lM8&#8243; css=&#8221;&#8221;][\/vc_column][vc_column width=&#8221;1\/2&#8243;]<div id=\"ultimate-heading-968069da6324f0d24\" class=\"uvc-heading ult-adjust-bottom-margin ultimate-heading-968069da6324f0d24 uvc-4859  uvc-heading-default-font-sizes\" data-hspacer=\"no_spacer\"  data-halign=\"left\" style=\"text-align:left\"><div class=\"uvc-heading-spacer no_spacer\" style=\"top\"><\/div><div class=\"uvc-main-heading ult-responsive\"  data-ultimate-target='.uvc-heading.ultimate-heading-968069da6324f0d24 h2'  data-responsive-json-new='{\"font-size\":\"\",\"line-height\":\"\"}' ><h2 style=\"--font-weight:theme;\">Di\u015f Beyazlatma Zararl\u0131 m\u0131?<\/h2><\/div><\/div>[vc_empty_space height=&#8221;40px&#8221;][vc_video link=&#8221;https:\/\/youtu.be\/S3aSxsXZa7c?si=WUjGRujdcGgTy_cb&#8221; css=&#8221;&#8221;][\/vc_column][\/vc_row][vc_row][vc_column][vc_empty_space height=&#8221;40px&#8221;][\/vc_column][\/vc_row][vc_row][vc_column width=&#8221;1\/4&#8243;][vc_video link=&#8221;https:\/\/youtube.com\/shorts\/c2T1GP4JSJQ?si=S1po7R0B0dfTVaJ7&#8243; el_aspect=&#8221;916&#8243; align=&#8221;center&#8221; css=&#8221;&#8221;][\/vc_column][vc_column width=&#8221;1\/4&#8243;][vc_video link=&#8221;https:\/\/youtube.com\/shorts\/CHwOaArCEKc?si=NowgyzwW3wQPzcht&#8221; el_aspect=&#8221;916&#8243; align=&#8221;center&#8221; css=&#8221;&#8221;][\/vc_column][vc_column width=&#8221;1\/4&#8243;][vc_video link=&#8221;https:\/\/youtube.com\/shorts\/_2C_DZVCYj8?si=y-_qA2eFoLFx3Wbu&#8221; el_aspect=&#8221;916&#8243; align=&#8221;center&#8221; css=&#8221;&#8221;][\/vc_column][vc_column width=&#8221;1\/4&#8243;][vc_video link=&#8221;https:\/\/youtube.com\/shorts\/3uSYKIuYl3Q?si=cEmrMGwQOn549OYc&#8221; el_aspect=&#8221;916&#8243; align=&#8221;center&#8221; css=&#8221;&#8221;][\/vc_column][\/vc_row][vc_row][vc_column width=&#8221;1\/4&#8243;][vc_video link=&#8221;https:\/\/youtube.com\/shorts\/7yq-hYXBryY?si=Dg7PJxXhXbljethF&#8221; el_aspect=&#8221;916&#8243; align=&#8221;center&#8221; css=&#8221;&#8221;][\/vc_column][vc_column width=&#8221;1\/4&#8243;][vc_video link=&#8221;https:\/\/youtube.com\/shorts\/m3hNTcnSGCI?si=QFNI8e9uZ6XsWDMG&#8221; el_aspect=&#8221;916&#8243; align=&#8221;center&#8221; css=&#8221;&#8221;][\/vc_column][vc_column width=&#8221;1\/4&#8243;][vc_video link=&#8221;https:\/\/youtube.com\/shorts\/JwiYXHFfiNk?si=oiAhBHMnhhcGSCYQ&#8221; el_aspect=&#8221;916&#8243; align=&#8221;center&#8221; css=&#8221;&#8221;][\/vc_column][vc_column width=&#8221;1\/4&#8243;][vc_video link=&#8221;https:\/\/youtube.com\/shorts\/cNMniKQID1I?si=1OdxPejSKgJg_Qw4&#8243; el_aspect=&#8221;916&#8243; align=&#8221;center&#8221; css=&#8221;&#8221;][\/vc_column][\/vc_row][vc_row][vc_column][vc_btn title=&#8221;Daha Fazla \u0130zle&#8221; color=&#8221;chino&#8221; size=&#8221;lg&#8221; align=&#8221;center&#8221; css=&#8221;&#8221; link=&#8221;url:https%3A%2F%2Fwww.youtube.com%2F%40OnurAdemhan|target:_blank&#8221;][\/vc_column][\/vc_row]<\/p>\n<\/div>","protected":false},"excerpt":{"rendered":"<p>[vc_row type=&#8221;vc_default&#8221; margin_top=&#8221;-5&#8243; margin_bottom=&#8221;40&#8243; css=&#8221;.vc_custom_1482499360433{margin-bottom: 30px !important;}&#8221;][vc_column][vc_column_text css=&#8221;.vc_custom_1757929798010{padding-bottom: 30px !important;}&#8221;] Dr. Onur Ademhan, G\u00fcl\u00fc\u015f Tasar\u0131m\u0131 ve Di\u015f Hekimli\u011finde M\u00fckemmellik Dr. Onur Ademhan\u2019\u0131n uzmanl\u0131\u011f\u0131n\u0131, \u00f6zenle haz\u0131rlanan video galerimiz arac\u0131l\u0131\u011f\u0131yla ke\u015ffedin. Geli\u015fmi\u015f tekniklerini, ger\u00e7ek hasta d\u00f6n\u00fc\u015f\u00fcmlerini ve onu g\u00fcl\u00fc\u015f esteti\u011finde g\u00fcvenilir bir isim yapan modern di\u015f hekimli\u011fi uygulamalar\u0131n\u0131 inceleyin. [\/vc_column_text][\/vc_column][\/vc_row][vc_row][vc_column width=&#8221;1\/2&#8243;][vc_empty_space height=&#8221;40px&#8221;][vc_video link=&#8221;https:\/\/youtu.be\/G783nLKOEgk?si=63113aF_A30Ci_VU&#8221; css=&#8221;&#8221;][\/vc_column][vc_column width=&#8221;1\/2&#8243;][vc_empty_space height=&#8221;40px&#8221;][vc_video link=&#8221;https:\/\/youtu.be\/hy2DWg-dnlU?si=OziG3CGj9ehLrHun&#8221;&hellip;<\/p>\n","protected":false},"author":2,"featured_media":0,"parent":0,"menu_order":130,"comment_status":"closed","ping_status":"closed","template":"","meta":{"footnotes":""},"class_list":["post-58353","page","type-page","status-publish","hentry","description-off"],"_links":{"self":[{"href":"https:\/\/dronurademhan.com\/tr\/wp-json\/wp\/v2\/pages\/58353","targetHints":{"allow":["GET"]}}],"collection":[{"href":"https:\/\/dronurademhan.com\/tr\/wp-json\/wp\/v2\/pages"}],"about":[{"href":"https:\/\/dronurademhan.com\/tr\/wp-json\/wp\/v2\/types\/page"}],"author":[{"embeddable":true,"href":"https:\/\/dronurademhan.com\/tr\/wp-json\/wp\/v2\/users\/2"}],"replies":[{"embeddable":true,"href":"https:\/\/dronurademhan.com\/tr\/wp-json\/wp\/v2\/comments?post=58353"}],"version-history":[{"count":0,"href":"https:\/\/dronurademhan.com\/tr\/wp-json\/wp\/v2\/pages\/58353\/revisions"}],"wp:attachment":[{"href":"https:\/\/dronurademhan.com\/tr\/wp-json\/wp\/v2\/media?parent=58353"}],"curies":[{"name":"wp","href":"https:\/\/api.w.org\/{rel}","templated":true}]}}